
{"id":4314,"date":"2019-02-04T13:20:29","date_gmt":"2019-02-04T13:20:29","guid":{"rendered":"https:\/\/www.atlantic-collection.com\/?page_id=4314"},"modified":"2025-12-04T16:53:15","modified_gmt":"2025-12-04T15:53:15","slug":"ronan-pensec","status":"publish","type":"page","link":"https:\/\/www.atlantic-collection.com\/de\/ronan-pensec\/","title":{"rendered":"Ronan Pensec"},"content":{"rendered":"[vc_row type=&#8220;full_width_content&#8220; full_screen_row_position=&#8220;middle&#8220; column_margin=&#8220;default&#8220; bg_image=&#8220;4319&#8243; bg_position=&#8220;left top&#8220; bg_repeat=&#8220;no-repeat&#8220; scene_position=&#8220;center&#8220; text_color=&#8220;dark&#8220; text_align=&#8220;left&#8220; overlay_strength=&#8220;0.3&#8243; shape_divider_position=&#8220;bottom&#8220; bg_image_animation=&#8220;none&#8220; shape_type=&#8220;&#8220;][vc_column column_padding=&#8220;no-extra-padding&#8220; column_padding_position=&#8220;all&#8220; background_color_opacity=&#8220;1&#8243; background_hover_color_opacity=&#8220;1&#8243; column_link_target=&#8220;_self&#8220; column_shadow=&#8220;none&#8220; column_border_radius=&#8220;none&#8220; width=&#8220;1\/1&#8243; tablet_width_inherit=&#8220;default&#8220; tablet_text_alignment=&#8220;default&#8220; phone_text_alignment=&#8220;default&#8220; overlay_strength=&#8220;0.3&#8243; column_border_width=&#8220;none&#8220; column_border_style=&#8220;solid&#8220; bg_image_animation=&#8220;none&#8220;][divider line_type=&#8220;No Line&#8220; custom_height=&#8220;525&#8243;][\/vc_column][\/vc_row][vc_row type=&#8220;full_width_background&#8220; full_screen_row_position=&#8220;middle&#8220; column_margin=&#8220;default&#8220; bg_color=&#8220;#003e66&#8243; scene_position=&#8220;center&#8220; text_color=&#8220;light&#8220; text_align=&#8220;left&#8220; overlay_strength=&#8220;0.3&#8243; shape_divider_position=&#8220;bottom&#8220; bg_image_animation=&#8220;none&#8220; shape_type=&#8220;&#8220;][vc_column column_padding=&#8220;no-extra-padding&#8220; column_padding_position=&#8220;all&#8220; background_color_opacity=&#8220;1&#8243; background_hover_color_opacity=&#8220;1&#8243; column_link_target=&#8220;_self&#8220; column_shadow=&#8220;none&#8220; column_border_radius=&#8220;none&#8220; width=&#8220;1\/1&#8243; tablet_width_inherit=&#8220;default&#8220; tablet_text_alignment=&#8220;default&#8220; phone_text_alignment=&#8220;default&#8220; overlay_strength=&#8220;0.3&#8243; column_border_width=&#8220;none&#8220; column_border_style=&#8220;solid&#8220; bg_image_animation=&#8220;none&#8220;][vc_row_inner column_margin=&#8220;default&#8220; top_padding=&#8220;50&#8243; bottom_padding=&#8220;40&#8243; text_align=&#8220;left&#8220;][vc_column_inner column_padding=&#8220;no-extra-padding&#8220; column_padding_position=&#8220;all&#8220; centered_text=&#8220;true&#8220; background_color_opacity=&#8220;1&#8243; background_hover_color_opacity=&#8220;1&#8243; column_shadow=&#8220;none&#8220; column_border_radius=&#8220;none&#8220; column_link_target=&#8220;_self&#8220; width=&#8220;1\/1&#8243; tablet_width_inherit=&#8220;default&#8220; overlay_strength=&#8220;0.3&#8243; column_border_width=&#8220;none&#8220; column_border_style=&#8220;solid&#8220; bg_image_animation=&#8220;none&#8220;][vc_column_text]\n<h1 style=\"text-align: center;\">\u00dcber Ronan Pensec<\/h1>\n<h4 style=\"text-align: center;\">Ronan ist selbstverst\u00e4ndlich leidenschaftlich \u00fcber das Radfahren, da er von 1985 bis 1997 Profi-Radfahrer war<\/h4>\n[\/vc_column_text][\/vc_column_inner][\/vc_row_inner][\/vc_column][\/vc_row][vc_row type=&#8220;full_width_background&#8220; full_screen_row_position=&#8220;middle&#8220; equal_height=&#8220;yes&#8220; content_placement=&#8220;middle&#8220; column_margin=&#8220;default&#8220; scene_position=&#8220;center&#8220; text_color=&#8220;dark&#8220; text_align=&#8220;left&#8220; top_padding=&#8220;60&#8243; bottom_padding=&#8220;60&#8243; overlay_strength=&#8220;0.3&#8243; shape_divider_position=&#8220;bottom&#8220; bg_image_animation=&#8220;none&#8220; shape_type=&#8220;&#8220;][vc_column column_padding=&#8220;no-extra-padding&#8220; column_padding_position=&#8220;all&#8220; background_color_opacity=&#8220;1&#8243; background_hover_color_opacity=&#8220;1&#8243; column_link_target=&#8220;_self&#8220; column_shadow=&#8220;none&#8220; column_border_radius=&#8220;none&#8220; width=&#8220;1\/2&#8243; tablet_width_inherit=&#8220;default&#8220; tablet_text_alignment=&#8220;default&#8220; phone_text_alignment=&#8220;default&#8220; overlay_strength=&#8220;0.3&#8243; column_border_width=&#8220;none&#8220; column_border_style=&#8220;solid&#8220; bg_image_animation=&#8220;none&#8220;][vc_column_text]Ronan ist ein Mann mit Leidenschaften. Radfahren ist nat\u00fcrlich eine davon, er war ja von 1985 bis 1997 Profi. Er trug sogar das Gelbe Trikot, wurde 1986 Sechster der Tour de France und 1988 Siebter. Heute arbeitet er als Berater f\u00fcr France TV und leitet ein <a href=\"http:\/\/www.ronanpensectravel.com\">Reiseb\u00fcro im Zusammenhang mit der Tour de France<\/a>, die er so gut kennt! Die Leidenschaft eines Lebens.<\/p>\n<p>Ronan ist auch ein Liebhaber der S\u00fcdk\u00fcste der Bretagne. Er genie\u00dft die Farben und D\u00fcfte. Er kennt seine Ecke von Finist\u00e8re, zwischen Audierne, Lesconil und Concarneau wie seine Hosentasche. Er wei\u00df, wo er frische Austern essen kann, wo er die ersten Sonnenstrahlen genie\u00dfen kann&#8230;.<\/p>\n<p>Er liebt sch\u00f6ne Dinge, sowohl moderne Kunst als auch sch\u00f6ne Landschaften. Und er l\u00e4\u00dft gerne andere daran Teil haben.<\/p>\n<p>Manche haben die Bretagne am Herzen. Er hat sie an der Hand. Mit Gro\u00dfz\u00fcgigkeit und Einfachheit.<strong><br \/>\n<\/strong>[\/vc_column_text][\/vc_column][vc_column column_padding=&#8220;no-extra-padding&#8220; column_padding_position=&#8220;all&#8220; background_color_opacity=&#8220;1&#8243; background_hover_color_opacity=&#8220;1&#8243; column_link_target=&#8220;_self&#8220; column_shadow=&#8220;none&#8220; column_border_radius=&#8220;none&#8220; width=&#8220;1\/2&#8243; tablet_width_inherit=&#8220;default&#8220; tablet_text_alignment=&#8220;default&#8220; phone_text_alignment=&#8220;default&#8220; overlay_strength=&#8220;0.3&#8243; column_border_width=&#8220;none&#8220; column_border_style=&#8220;solid&#8220; bg_image_animation=&#8220;none&#8220;][vc_gallery type=&#8220;flexslider_style&#8220; images=&#8220;3161,3162,3412&#8243; onclick=&#8220;link_image&#8220; img_size=&#8220;full&#8220;][\/vc_column][\/vc_row]\n","protected":false},"excerpt":{"rendered":"<p>[vc_row type=&#8220;full_width_content&#8220; full_screen_row_position=&#8220;middle&#8220; column_margin=&#8220;default&#8220; bg_image=&#8220;4319&#8243; bg_position=&#8220;left top&#8220; bg_repeat=&#8220;no-repeat&#8220; scene_position=&#8220;center&#8220; text_color=&#8220;dark&#8220; text_align=&#8220;left&#8220; overlay_strength=&#8220;0.3&#8243; shape_divider_position=&#8220;bottom&#8220; bg_image_animation=&#8220;none&#8220; shape_type=&#8220;&#8220;][vc_column column_padding=&#8220;no-extra-padding&#8220; column_padding_position=&#8220;all&#8220; background_color_opacity=&#8220;1&#8243; background_hover_color_opacity=&#8220;1&#8243; column_link_target=&#8220;_self&#8220; column_shadow=&#8220;none&#8220; column_border_radius=&#8220;none&#8220; width=&#8220;1\/1&#8243; tablet_width_inherit=&#8220;default&#8220; tablet_text_alignment=&#8220;default&#8220; phone_text_alignment=&#8220;default&#8220; overlay_strength=&#8220;0.3&#8243; column_border_width=&#8220;none&#8220; column_border_style=&#8220;solid&#8220; bg_image_animation=&#8220;none&#8220;][divider&#8230;<\/p>\n","protected":false},"author":2,"featured_media":0,"parent":0,"menu_order":0,"comment_status":"closed","ping_status":"closed","template":"","meta":[],"yoast_head":"<!-- This site is optimized with the Yoast SEO plugin v15.9.1 - https:\/\/yoast.com\/wordpress\/plugins\/seo\/ -->\n<title>Ronan Pensec - Atlantic Collection<\/title>\n<meta name=\"robots\" content=\"index, follow, max-snippet:-1, max-image-preview:large, max-video-preview:-1\" \/>\n<link rel=\"canonical\" href=\"https:\/\/www.atlantic-collection.com\/de\/ronan-pensec\/\" \/>\n<meta property=\"og:locale\" content=\"de_DE\" \/>\n<meta property=\"og:type\" content=\"article\" \/>\n<meta property=\"og:title\" content=\"Ronan Pensec - Atlantic Collection\" \/>\n<meta property=\"og:description\" content=\"[vc_row type=&#8220;full_width_content&#8220; full_screen_row_position=&#8220;middle&#8220; column_margin=&#8220;default&#8220; bg_image=&#8220;4319&#8243; bg_position=&#8220;left top&#8220; bg_repeat=&#8220;no-repeat&#8220; scene_position=&#8220;center&#8220; text_color=&#8220;dark&#8220; text_align=&#8220;left&#8220; overlay_strength=&#8220;0.3&#8243; shape_divider_position=&#8220;bottom&#8220; bg_image_animation=&#8220;none&#8220; shape_type=&#8220;&#8220;][vc_column column_padding=&#8220;no-extra-padding&#8220; column_padding_position=&#8220;all&#8220; background_color_opacity=&#8220;1&#8243; background_hover_color_opacity=&#8220;1&#8243; column_link_target=&#8220;_self&#8220; column_shadow=&#8220;none&#8220; column_border_radius=&#8220;none&#8220; width=&#8220;1\/1&#8243; tablet_width_inherit=&#8220;default&#8220; tablet_text_alignment=&#8220;default&#8220; phone_text_alignment=&#8220;default&#8220; overlay_strength=&#8220;0.3&#8243; column_border_width=&#8220;none&#8220; column_border_style=&#8220;solid&#8220; bg_image_animation=&#8220;none&#8220;][divider...\" \/>\n<meta property=\"og:url\" content=\"https:\/\/www.atlantic-collection.com\/de\/ronan-pensec\/\" \/>\n<meta property=\"og:site_name\" content=\"Atlantic Collection\" \/>\n<meta property=\"article:publisher\" content=\"https:\/\/www.facebook.com\/RonanPensecTravelENG\/\" \/>\n<meta property=\"article:modified_time\" content=\"2025-12-04T15:53:15+00:00\" \/>\n<meta name=\"twitter:card\" content=\"summary\" \/>\n<meta name=\"twitter:site\" content=\"@RonanPensec\" \/>\n<meta name=\"twitter:label1\" content=\"Gesch\u00e4tzte Lesezeit\">\n\t<meta name=\"twitter:data1\" content=\"2\u00a0Minuten\">\n<script type=\"application\/ld+json\" class=\"yoast-schema-graph\">{\"@context\":\"https:\/\/schema.org\",\"@graph\":[{\"@type\":\"WebSite\",\"@id\":\"https:\/\/www.atlantic-collection.com\/#website\",\"url\":\"https:\/\/www.atlantic-collection.com\/\",\"name\":\"Atlantic Collection\",\"description\":\"An anthology of five houses of character, nestled in privileged locations in the south of Finist\\u00e8re, on the Atlantic coast.\",\"potentialAction\":[{\"@type\":\"SearchAction\",\"target\":\"https:\/\/www.atlantic-collection.com\/?s={search_term_string}\",\"query-input\":\"required name=search_term_string\"}],\"inLanguage\":\"de\"},{\"@type\":\"WebPage\",\"@id\":\"https:\/\/www.atlantic-collection.com\/de\/ronan-pensec\/#webpage\",\"url\":\"https:\/\/www.atlantic-collection.com\/de\/ronan-pensec\/\",\"name\":\"Ronan Pensec - Atlantic Collection\",\"isPartOf\":{\"@id\":\"https:\/\/www.atlantic-collection.com\/#website\"},\"datePublished\":\"2019-02-04T13:20:29+00:00\",\"dateModified\":\"2025-12-04T15:53:15+00:00\",\"breadcrumb\":{\"@id\":\"https:\/\/www.atlantic-collection.com\/de\/ronan-pensec\/#breadcrumb\"},\"inLanguage\":\"de\",\"potentialAction\":[{\"@type\":\"ReadAction\",\"target\":[\"https:\/\/www.atlantic-collection.com\/de\/ronan-pensec\/\"]}]},{\"@type\":\"BreadcrumbList\",\"@id\":\"https:\/\/www.atlantic-collection.com\/de\/ronan-pensec\/#breadcrumb\",\"itemListElement\":[{\"@type\":\"ListItem\",\"position\":1,\"item\":{\"@type\":\"WebPage\",\"@id\":\"https:\/\/www.atlantic-collection.com\/de\/\",\"url\":\"https:\/\/www.atlantic-collection.com\/de\/\",\"name\":\"Home\"}},{\"@type\":\"ListItem\",\"position\":2,\"item\":{\"@type\":\"WebPage\",\"@id\":\"https:\/\/www.atlantic-collection.com\/de\/ronan-pensec\/\",\"url\":\"https:\/\/www.atlantic-collection.com\/de\/ronan-pensec\/\",\"name\":\"Ronan Pensec\"}}]}]}<\/script>\n<!-- \/ Yoast SEO plugin. -->","_links":{"self":[{"href":"https:\/\/www.atlantic-collection.com\/de\/wp-json\/wp\/v2\/pages\/4314"}],"collection":[{"href":"https:\/\/www.atlantic-collection.com\/de\/wp-json\/wp\/v2\/pages"}],"about":[{"href":"https:\/\/www.atlantic-collection.com\/de\/wp-json\/wp\/v2\/types\/page"}],"author":[{"embeddable":true,"href":"https:\/\/www.atlantic-collection.com\/de\/wp-json\/wp\/v2\/users\/2"}],"replies":[{"embeddable":true,"href":"https:\/\/www.atlantic-collection.com\/de\/wp-json\/wp\/v2\/comments?post=4314"}],"version-history":[{"count":2,"href":"https:\/\/www.atlantic-collection.com\/de\/wp-json\/wp\/v2\/pages\/4314\/revisions"}],"predecessor-version":[{"id":9041,"href":"https:\/\/www.atlantic-collection.com\/de\/wp-json\/wp\/v2\/pages\/4314\/revisions\/9041"}],"wp:attachment":[{"href":"https:\/\/www.atlantic-collection.com\/de\/wp-json\/wp\/v2\/media?parent=4314"}],"curies":[{"name":"wp","href":"https:\/\/api.w.org\/{rel}","templated":true}]}}