
{"id":4325,"date":"2019-02-04T15:01:28","date_gmt":"2019-02-04T15:01:28","guid":{"rendered":"https:\/\/www.atlantic-collection.com\/?page_id=4325"},"modified":"2025-12-04T16:30:29","modified_gmt":"2025-12-04T15:30:29","slug":"about-atlantic-collection","status":"publish","type":"page","link":"https:\/\/www.atlantic-collection.com\/de\/about-atlantic-collection\/","title":{"rendered":"About Atlantic Collection"},"content":{"rendered":"[vc_row type=&#8220;full_width_background&#8220; full_screen_row_position=&#8220;middle&#8220; column_margin=&#8220;default&#8220; bg_image=&#8220;4711&#8243; bg_position=&#8220;left top&#8220; bg_repeat=&#8220;no-repeat&#8220; scene_position=&#8220;center&#8220; text_color=&#8220;dark&#8220; text_align=&#8220;left&#8220; overlay_strength=&#8220;0.3&#8243; shape_divider_position=&#8220;bottom&#8220; bg_image_animation=&#8220;none&#8220; shape_type=&#8220;&#8220;][vc_column column_padding=&#8220;no-extra-padding&#8220; column_padding_position=&#8220;all&#8220; background_color_opacity=&#8220;1&#8243; background_hover_color_opacity=&#8220;1&#8243; column_link_target=&#8220;_self&#8220; column_shadow=&#8220;none&#8220; column_border_radius=&#8220;none&#8220; width=&#8220;1\/1&#8243; tablet_width_inherit=&#8220;default&#8220; tablet_text_alignment=&#8220;default&#8220; phone_text_alignment=&#8220;default&#8220; overlay_strength=&#8220;0.3&#8243; column_border_width=&#8220;none&#8220; column_border_style=&#8220;solid&#8220; bg_image_animation=&#8220;none&#8220;][divider line_type=&#8220;No Line&#8220; custom_height=&#8220;525&#8243;][\/vc_column][\/vc_row][vc_row type=&#8220;full_width_background&#8220; full_screen_row_position=&#8220;middle&#8220; column_margin=&#8220;default&#8220; bg_color=&#8220;#003e66&#8243; scene_position=&#8220;center&#8220; text_color=&#8220;light&#8220; text_align=&#8220;left&#8220; overlay_strength=&#8220;0.3&#8243; shape_divider_position=&#8220;bottom&#8220; bg_image_animation=&#8220;none&#8220; shape_type=&#8220;&#8220;][vc_column column_padding=&#8220;no-extra-padding&#8220; column_padding_position=&#8220;all&#8220; background_color_opacity=&#8220;1&#8243; background_hover_color_opacity=&#8220;1&#8243; column_link_target=&#8220;_self&#8220; column_shadow=&#8220;none&#8220; column_border_radius=&#8220;none&#8220; width=&#8220;1\/1&#8243; tablet_width_inherit=&#8220;default&#8220; tablet_text_alignment=&#8220;default&#8220; phone_text_alignment=&#8220;default&#8220; overlay_strength=&#8220;0.3&#8243; column_border_width=&#8220;none&#8220; column_border_style=&#8220;solid&#8220; bg_image_animation=&#8220;none&#8220;][vc_row_inner column_margin=&#8220;default&#8220; top_padding=&#8220;50&#8243; bottom_padding=&#8220;40&#8243; text_align=&#8220;left&#8220;][vc_column_inner column_padding=&#8220;no-extra-padding&#8220; column_padding_position=&#8220;all&#8220; centered_text=&#8220;true&#8220; background_color_opacity=&#8220;1&#8243; background_hover_color_opacity=&#8220;1&#8243; column_shadow=&#8220;none&#8220; column_border_radius=&#8220;none&#8220; column_link_target=&#8220;_self&#8220; width=&#8220;1\/1&#8243; tablet_width_inherit=&#8220;default&#8220; overlay_strength=&#8220;0.3&#8243; column_border_width=&#8220;none&#8220; column_border_style=&#8220;solid&#8220; bg_image_animation=&#8220;none&#8220;][vc_column_text]\n<h1 style=\"text-align: center;\">Warum Atlantic Collection?<\/h1>\n<h4 style=\"text-align: center;\">Orte, an denen es sich gut anf\u00fchlt, nach den Lichtern des Tages, den Gezeiten und vor allem nach seinen eigenen W\u00fcnschen zu leben: sich entspannen, spazieren gehen, entkommen, entdecken, Sport treiben, aufatmen&#8230;<\/h4>\n[\/vc_column_text][divider line_type=&#8220;No Line&#8220; custom_height=&#8220;35&#8243;][nectar_btn size=&#8220;large&#8220; button_style=&#8220;regular&#8220; button_color_2=&#8220;Accent-Color&#8220; icon_family=&#8220;none&#8220; url=&#8220;\/reservation\/&#8220; text=&#8220;Book Now&#8220;][\/vc_column_inner][\/vc_row_inner][\/vc_column][\/vc_row][vc_row type=&#8220;full_width_background&#8220; full_screen_row_position=&#8220;middle&#8220; equal_height=&#8220;yes&#8220; content_placement=&#8220;middle&#8220; column_margin=&#8220;default&#8220; scene_position=&#8220;center&#8220; text_color=&#8220;dark&#8220; text_align=&#8220;left&#8220; top_padding=&#8220;60&#8243; bottom_padding=&#8220;60&#8243; overlay_strength=&#8220;0.3&#8243; shape_divider_position=&#8220;bottom&#8220; bg_image_animation=&#8220;none&#8220; shape_type=&#8220;&#8220;][vc_column column_padding=&#8220;no-extra-padding&#8220; column_padding_position=&#8220;all&#8220; background_color_opacity=&#8220;1&#8243; background_hover_color_opacity=&#8220;1&#8243; column_link_target=&#8220;_self&#8220; column_shadow=&#8220;none&#8220; column_border_radius=&#8220;none&#8220; width=&#8220;2\/3&#8243; tablet_width_inherit=&#8220;default&#8220; tablet_text_alignment=&#8220;default&#8220; phone_text_alignment=&#8220;default&#8220; overlay_strength=&#8220;0.3&#8243; column_border_width=&#8220;none&#8220; column_border_style=&#8220;solid&#8220; bg_image_animation=&#8220;none&#8220;][vc_column_text]\n<h3>\u00dcber uns<\/h3>\n[\/vc_column_text][divider line_type=&#8220;No Line&#8220; custom_height=&#8220;20&#8243;][vc_column_text]Atlantic Collection ist eine Anthologie von zw\u00f6lf H\u00e4usern mit Charakter, eingebettet in privilegierte Lagen im S\u00fcden vom Finist\u00e8re an der Atlantikk\u00fcste. Orte, an denen es sich gut anf\u00fchlt, nach den Lichtern des Tages, den Gezeiten und vor allem nach seinen W\u00fcnschen zu leben: sich entspannen, spazieren gehen, entkommen, entdecken, Sport treiben, aufatmen&#8230;<\/p>\n<p>Die H\u00e4user erm\u00f6glichen au\u00dfergew\u00f6hnliche Aufenthalte, farbenfroh und jodiert, entlang der authentischen, naturbelassenen und gesch\u00fctzten Atlantikk\u00fcste.<\/p>\n<p>Jedes dieser H\u00e4user ist wegen diesem kleinen bisschen Etwas ausgew\u00e4hlt worden, dessen Luxus aus der Lage, der Kulisse, der Geschichte ausgeht, um unvergessliche Aufenthalte mit Blick auf das Meer zu bieten, eingetaucht in das Leben an der K\u00fcste.<\/p>\n<p>Sie haben das Privileg, dem Atlantischen Ozean gegen\u00fcberzustehen. G\u00f6nnen Sie sich eine Auszeit vor einem atemberaubenden Blick: die einfallenden und wei\u00dfen Lichter des fr\u00fchen Morgens, die Harmonien von metallischem Blau, Silbergrau&#8230; Hier verschmelzen Meer und Himmel zu einer Brillanz, die zum Flanieren einl\u00e4dt. Und warum nicht den Tag zu Hause vor einem warmen Holzfeuer ausklingen lassen?<\/p>\n<p>Diese besondere Atmosph\u00e4re und Umgebung liegt mir am Herzen. Es ist mir bewusst, dass ich das Gl\u00fcck habe, so nah am Meer zu leben. In dieser gesch\u00fctzten Umgebung, kann ich, wenn meine T\u00e4tigkeiten es mir erlauben, einen K\u00fcstenspaziergang vor den wechselnden Farben des Ozeans mit meiner Familie genie\u00dfen, bei einem Aperitif auf der Terrasse eines kleinen Hafens mit Freunden ansto\u00dfen oder einfach der K\u00fcsten entlang laufen.<\/p>\n<p>Diese H\u00e4user zu entdecken und sie als Ferienh\u00e4user anzubieten, ist meine Art diese Ecke der Welt, die ich so sehr sch\u00e4tze, zu zeigen und zu teilen. Ich renoviere und dekoriere diese H\u00e4user f\u00fcr Sie, damit Sie sich drinnen so wohl f\u00fchlen, als ob ich Sie bei mir zu Hause begr\u00fc\u00dfen w\u00fcrde. Ich bem\u00fche mich, eine heitere und authentische Atmosph\u00e4re zu schaffen.<\/p>\n<p>Es liegt mir am Herzen, Ihnen einen angenehmen Aufenthalt zu bieten, der Ihnen tolle Erinnerungen an vergangene Zeiten zur\u00fcckl\u00e4sst&#8230; Sie k\u00f6nnen sie nach Belieben zusammenstellen: im Garten lesen, mit Ihrer Familie am Strand spielen, vor dem Fr\u00fchst\u00fcck schwimmen, wandern, surfen&#8230;..<\/p>\n<p><span class=\"tlid-translation translation\"><span class=\"\" title=\"\">Wenn Sie Ihr Mietobjekt \u00fcber <a href=\"https:\/\/www.atlantic-collection.com\">www.atlantic-collection.com<\/a>\u00a0buchen, stehen Sie in direktem Kontakt mit dem Eigent\u00fcmer des Hauses.<\/span> <span class=\"\" title=\"\">Daher wird Ihnen keine Provision berechnet, da <a href=\"https:\/\/www.atlantic-collection.com\">www.atlantic-collection.com<\/a> eine unabh\u00e4ngige Vermietungswebsite ist (verbunden mit keinem anderen Online-Vermietungsportal).<\/span><\/span>[\/vc_column_text][\/vc_column][vc_column column_padding=&#8220;no-extra-padding&#8220; column_padding_position=&#8220;all&#8220; background_color_opacity=&#8220;1&#8243; background_hover_color_opacity=&#8220;1&#8243; column_link_target=&#8220;_self&#8220; column_shadow=&#8220;none&#8220; column_border_radius=&#8220;none&#8220; width=&#8220;1\/3&#8243; tablet_width_inherit=&#8220;default&#8220; tablet_text_alignment=&#8220;default&#8220; phone_text_alignment=&#8220;default&#8220; overlay_strength=&#8220;0.3&#8243; column_border_width=&#8220;none&#8220; column_border_style=&#8220;solid&#8220; bg_image_animation=&#8220;none&#8220;][image_with_animation image_url=&#8220;3713&#8243; alignment=&#8220;&#8220; animation=&#8220;Fade In&#8220; hover_animation=&#8220;none&#8220; border_radius=&#8220;none&#8220; box_shadow=&#8220;none&#8220; image_loading=&#8220;default&#8220; max_width=&#8220;100%&#8220; max_width_mobile=&#8220;default&#8220;][\/vc_column][\/vc_row]\n","protected":false},"excerpt":{"rendered":"<p>[vc_row type=&#8220;full_width_background&#8220; full_screen_row_position=&#8220;middle&#8220; column_margin=&#8220;default&#8220; bg_image=&#8220;4711&#8243; bg_position=&#8220;left top&#8220; bg_repeat=&#8220;no-repeat&#8220; scene_position=&#8220;center&#8220; text_color=&#8220;dark&#8220; text_align=&#8220;left&#8220; overlay_strength=&#8220;0.3&#8243; shape_divider_position=&#8220;bottom&#8220; bg_image_animation=&#8220;none&#8220; shape_type=&#8220;&#8220;][vc_column column_padding=&#8220;no-extra-padding&#8220; column_padding_position=&#8220;all&#8220; background_color_opacity=&#8220;1&#8243; background_hover_color_opacity=&#8220;1&#8243; column_link_target=&#8220;_self&#8220; column_shadow=&#8220;none&#8220; column_border_radius=&#8220;none&#8220; width=&#8220;1\/1&#8243; tablet_width_inherit=&#8220;default&#8220; tablet_text_alignment=&#8220;default&#8220; phone_text_alignment=&#8220;default&#8220; overlay_strength=&#8220;0.3&#8243; column_border_width=&#8220;none&#8220; column_border_style=&#8220;solid&#8220; bg_image_animation=&#8220;none&#8220;][divider&#8230;<\/p>\n","protected":false},"author":2,"featured_media":0,"parent":0,"menu_order":0,"comment_status":"closed","ping_status":"closed","template":"","meta":[],"yoast_head":"<!-- This site is optimized with the Yoast SEO plugin v15.9.1 - https:\/\/yoast.com\/wordpress\/plugins\/seo\/ -->\n<title>About Atlantic Collection - Atlantic Collection<\/title>\n<meta name=\"robots\" content=\"index, follow, max-snippet:-1, max-image-preview:large, max-video-preview:-1\" \/>\n<link rel=\"canonical\" href=\"https:\/\/www.atlantic-collection.com\/de\/about-atlantic-collection\/\" \/>\n<meta property=\"og:locale\" content=\"de_DE\" \/>\n<meta property=\"og:type\" content=\"article\" \/>\n<meta property=\"og:title\" content=\"About Atlantic Collection - Atlantic Collection\" \/>\n<meta property=\"og:description\" content=\"[vc_row type=&#8220;full_width_background&#8220; full_screen_row_position=&#8220;middle&#8220; column_margin=&#8220;default&#8220; bg_image=&#8220;4711&#8243; bg_position=&#8220;left top&#8220; bg_repeat=&#8220;no-repeat&#8220; scene_position=&#8220;center&#8220; text_color=&#8220;dark&#8220; text_align=&#8220;left&#8220; overlay_strength=&#8220;0.3&#8243; shape_divider_position=&#8220;bottom&#8220; bg_image_animation=&#8220;none&#8220; shape_type=&#8220;&#8220;][vc_column column_padding=&#8220;no-extra-padding&#8220; column_padding_position=&#8220;all&#8220; background_color_opacity=&#8220;1&#8243; background_hover_color_opacity=&#8220;1&#8243; column_link_target=&#8220;_self&#8220; column_shadow=&#8220;none&#8220; column_border_radius=&#8220;none&#8220; width=&#8220;1\/1&#8243; tablet_width_inherit=&#8220;default&#8220; tablet_text_alignment=&#8220;default&#8220; phone_text_alignment=&#8220;default&#8220; overlay_strength=&#8220;0.3&#8243; column_border_width=&#8220;none&#8220; column_border_style=&#8220;solid&#8220; bg_image_animation=&#8220;none&#8220;][divider...\" \/>\n<meta property=\"og:url\" content=\"https:\/\/www.atlantic-collection.com\/de\/about-atlantic-collection\/\" \/>\n<meta property=\"og:site_name\" content=\"Atlantic Collection\" \/>\n<meta property=\"article:publisher\" content=\"https:\/\/www.facebook.com\/RonanPensecTravelENG\/\" \/>\n<meta property=\"article:modified_time\" content=\"2025-12-04T15:30:29+00:00\" \/>\n<meta name=\"twitter:card\" content=\"summary\" \/>\n<meta name=\"twitter:site\" content=\"@RonanPensec\" \/>\n<meta name=\"twitter:label1\" content=\"Gesch\u00e4tzte Lesezeit\">\n\t<meta name=\"twitter:data1\" content=\"3\u00a0Minuten\">\n<script type=\"application\/ld+json\" class=\"yoast-schema-graph\">{\"@context\":\"https:\/\/schema.org\",\"@graph\":[{\"@type\":\"WebSite\",\"@id\":\"https:\/\/www.atlantic-collection.com\/#website\",\"url\":\"https:\/\/www.atlantic-collection.com\/\",\"name\":\"Atlantic Collection\",\"description\":\"An anthology of five houses of character, nestled in privileged locations in the south of Finist\\u00e8re, on the Atlantic coast.\",\"potentialAction\":[{\"@type\":\"SearchAction\",\"target\":\"https:\/\/www.atlantic-collection.com\/?s={search_term_string}\",\"query-input\":\"required name=search_term_string\"}],\"inLanguage\":\"de\"},{\"@type\":\"WebPage\",\"@id\":\"https:\/\/www.atlantic-collection.com\/de\/about-atlantic-collection\/#webpage\",\"url\":\"https:\/\/www.atlantic-collection.com\/de\/about-atlantic-collection\/\",\"name\":\"About Atlantic Collection - Atlantic Collection\",\"isPartOf\":{\"@id\":\"https:\/\/www.atlantic-collection.com\/#website\"},\"datePublished\":\"2019-02-04T15:01:28+00:00\",\"dateModified\":\"2025-12-04T15:30:29+00:00\",\"breadcrumb\":{\"@id\":\"https:\/\/www.atlantic-collection.com\/de\/about-atlantic-collection\/#breadcrumb\"},\"inLanguage\":\"de\",\"potentialAction\":[{\"@type\":\"ReadAction\",\"target\":[\"https:\/\/www.atlantic-collection.com\/de\/about-atlantic-collection\/\"]}]},{\"@type\":\"BreadcrumbList\",\"@id\":\"https:\/\/www.atlantic-collection.com\/de\/about-atlantic-collection\/#breadcrumb\",\"itemListElement\":[{\"@type\":\"ListItem\",\"position\":1,\"item\":{\"@type\":\"WebPage\",\"@id\":\"https:\/\/www.atlantic-collection.com\/de\/\",\"url\":\"https:\/\/www.atlantic-collection.com\/de\/\",\"name\":\"Home\"}},{\"@type\":\"ListItem\",\"position\":2,\"item\":{\"@type\":\"WebPage\",\"@id\":\"https:\/\/www.atlantic-collection.com\/de\/about-atlantic-collection\/\",\"url\":\"https:\/\/www.atlantic-collection.com\/de\/about-atlantic-collection\/\",\"name\":\"About Atlantic Collection\"}}]}]}<\/script>\n<!-- \/ Yoast SEO plugin. -->","_links":{"self":[{"href":"https:\/\/www.atlantic-collection.com\/de\/wp-json\/wp\/v2\/pages\/4325"}],"collection":[{"href":"https:\/\/www.atlantic-collection.com\/de\/wp-json\/wp\/v2\/pages"}],"about":[{"href":"https:\/\/www.atlantic-collection.com\/de\/wp-json\/wp\/v2\/types\/page"}],"author":[{"embeddable":true,"href":"https:\/\/www.atlantic-collection.com\/de\/wp-json\/wp\/v2\/users\/2"}],"replies":[{"embeddable":true,"href":"https:\/\/www.atlantic-collection.com\/de\/wp-json\/wp\/v2\/comments?post=4325"}],"version-history":[{"count":2,"href":"https:\/\/www.atlantic-collection.com\/de\/wp-json\/wp\/v2\/pages\/4325\/revisions"}],"predecessor-version":[{"id":9039,"href":"https:\/\/www.atlantic-collection.com\/de\/wp-json\/wp\/v2\/pages\/4325\/revisions\/9039"}],"wp:attachment":[{"href":"https:\/\/www.atlantic-collection.com\/de\/wp-json\/wp\/v2\/media?parent=4325"}],"curies":[{"name":"wp","href":"https:\/\/api.w.org\/{rel}","templated":true}]}}